{"id":39,"date":"2021-02-16T22:19:53","date_gmt":"2021-02-16T21:19:53","guid":{"rendered":"https:\/\/wp.silvere.org\/pda\/?page_id=39"},"modified":"2022-07-08T10:10:19","modified_gmt":"2022-07-08T08:10:19","slug":"erpc","status":"publish","type":"page","link":"https:\/\/pole-design.argouges.fr\/?page_id=39","title":{"rendered":"ERPC"},"content":{"rendered":"\n<h3 class=\"wp-block-heading\">BTS \u00c9tudes de R\u00e9alisation d&#8217;un Projet de Communication<\/h3>\n\n\n\n<p>Le titulaire du BTS \u00c9tudes de R\u00e9alisation d\u2019un Projet de Communication organise, coordonne et contr\u00f4le la r\u00e9alisation des produits de communication plurimedia sur toute la cha\u00eene graphique\u2026 Il fait le lien entre le client, les services de l\u2019entreprise et la fabrication.<\/p>\n\n\n\n<p>Le BTS \u00c9tudes de R\u00e9alisation d\u2019un Projet de Communication se caract\u00e9rise par :<\/p>\n\n\n\n<ul class=\"wp-block-list\"><li>la connaissance des <strong>produits graphiques imprim\u00e9s ou plurimedia<\/strong> \u00e0 proposer aux clients qu\u2019il convient de conseiller ;<\/li><li>la comp\u00e9tence face aux exigences et aux <strong>contraintes de d\u00e9lai, de qualit\u00e9 et de co\u00fbt<\/strong> ;<\/li><li>des connaissances globales aussi bien pour les projets imprim\u00e9s que plurimedia ;<\/li><li>l\u2019usage de <strong>technologies de plus en plus performantes<\/strong>, tant au niveau des moyens (logiciels, \u00e9quipements num\u00e9riques, gestion de bases de donn\u00e9es, gestion et s\u00e9curisation des flux informatiques\u2026) qu\u2019au niveau des mat\u00e9riaux et des supports mis en \u0153uvre ;<\/li><li>une pr\u00e9occupation permanente des questions d\u2019<strong>environnement<\/strong>, de <strong>sant\u00e9 <\/strong>et de <strong>s\u00e9curit\u00e9 au travail<\/strong>.<\/li><\/ul>\n\n\n\n<figure class=\"wp-block-gallery alignwide has-nested-images columns-default is-cropped wp-block-gallery-1 is-layout-flex wp-block-gallery-is-layout-flex\">\n<figure class=\"wp-block-image size-large\"><img loading=\"lazy\" decoding=\"async\" width=\"1200\" height=\"900\" data-id=\"338\" src=\"https:\/\/pole-design.argouges.fr\/wp-content\/uploads\/2021\/02\/erpc_01.jpg\" alt=\"\" class=\"wp-image-338\"\/><\/figure>\n\n\n\n<figure class=\"wp-block-image size-large\"><img loading=\"lazy\" decoding=\"async\" width=\"1200\" height=\"900\" data-id=\"339\" src=\"https:\/\/pole-design.argouges.fr\/wp-content\/uploads\/2021\/02\/erpc_02.jpg\" alt=\"\" class=\"wp-image-339\"\/><\/figure>\n\n\n\n<figure class=\"wp-block-image size-large\"><img loading=\"lazy\" decoding=\"async\" width=\"1200\" height=\"800\" data-id=\"340\" src=\"https:\/\/pole-design.argouges.fr\/wp-content\/uploads\/2021\/02\/erpc_03.jpg\" alt=\"\" class=\"wp-image-340\"\/><\/figure>\n\n\n\n<figure class=\"wp-block-image size-large\"><img loading=\"lazy\" decoding=\"async\" width=\"4032\" height=\"3024\" data-id=\"1782\" src=\"https:\/\/pole-design.argouges.fr\/wp-content\/uploads\/2022\/07\/erpc_04.jpg\" alt=\"\" class=\"wp-image-1782\"\/><\/figure>\n\n\n\n<figure class=\"wp-block-image size-large\"><img loading=\"lazy\" decoding=\"async\" width=\"4032\" height=\"3024\" data-id=\"1783\" src=\"https:\/\/pole-design.argouges.fr\/wp-content\/uploads\/2022\/07\/erpc_05.jpg\" alt=\"\" class=\"wp-image-1783\"\/><\/figure>\n\n\n\n<figure class=\"wp-block-image size-large\"><img loading=\"lazy\" decoding=\"async\" width=\"4032\" height=\"3024\" data-id=\"1784\" src=\"https:\/\/pole-design.argouges.fr\/wp-content\/uploads\/2022\/07\/erpc_06.jpg\" alt=\"\" class=\"wp-image-1784\"\/><\/figure>\n\n\n\n<figure class=\"wp-block-image size-large\"><img loading=\"lazy\" decoding=\"async\" width=\"4032\" height=\"3024\" data-id=\"1785\" src=\"https:\/\/pole-design.argouges.fr\/wp-content\/uploads\/2022\/07\/erpc_07.jpg\" alt=\"\" class=\"wp-image-1785\"\/><\/figure>\n\n\n\n<figure class=\"wp-block-image size-large\"><img loading=\"lazy\" decoding=\"async\" width=\"4032\" height=\"3024\" data-id=\"1786\" src=\"https:\/\/pole-design.argouges.fr\/wp-content\/uploads\/2022\/07\/erpc_08.jpg\" alt=\"\" class=\"wp-image-1786\"\/><\/figure>\n\n\n\n<figure class=\"wp-block-image size-large\"><img loading=\"lazy\" decoding=\"async\" width=\"4032\" height=\"3024\" data-id=\"1787\" src=\"https:\/\/pole-design.argouges.fr\/wp-content\/uploads\/2022\/07\/erpc_09.jpg\" alt=\"\" class=\"wp-image-1787\"\/><\/figure>\n\n\n\n<figure class=\"wp-block-image size-large\"><img loading=\"lazy\" decoding=\"async\" width=\"2592\" height=\"1728\" data-id=\"1788\" src=\"https:\/\/pole-design.argouges.fr\/wp-content\/uploads\/2022\/07\/erpc_10.jpg\" alt=\"\" class=\"wp-image-1788\"\/><\/figure>\n\n\n\n<figure class=\"wp-block-image size-large\"><img loading=\"lazy\" decoding=\"async\" width=\"5184\" height=\"3456\" data-id=\"1789\" src=\"https:\/\/pole-design.argouges.fr\/wp-content\/uploads\/2022\/07\/erpc_11.jpg\" alt=\"\" class=\"wp-image-1789\"\/><\/figure>\n\n\n\n<figure class=\"wp-block-image size-large\"><img loading=\"lazy\" decoding=\"async\" width=\"2592\" height=\"1728\" data-id=\"1790\" src=\"https:\/\/pole-design.argouges.fr\/wp-content\/uploads\/2022\/07\/erpc_12.jpg\" alt=\"\" class=\"wp-image-1790\"\/><\/figure>\n<figcaption class=\"blocks-gallery-caption\">Retrouvez toutes les informations concernant le BTS ERPC \u00e0 l&#8217;adresse suivante :&nbsp;<a href=\"http:\/\/www.argouges-erpc.fr\" target=\"_blank\" rel=\"noreferrer noopener\">www.argouges-erpc.fr<\/a><\/figcaption><\/figure>\n","protected":false},"excerpt":{"rendered":"<p>BTS \u00c9tudes de R\u00e9alisation d&#8217;un Projet de Communication Le titulaire du BTS \u00c9tudes de R\u00e9alisation d\u2019un Projet de Communication organise, coordonne et contr\u00f4le la r\u00e9alisation&hellip;<\/p>\n","protected":false},"author":2,"featured_media":0,"parent":0,"menu_order":0,"comment_status":"closed","ping_status":"closed","template":"","meta":{"inline_featured_image":false,"_uag_custom_page_level_css":"","footnotes":""},"class_list":["post-39","page","type-page","status-publish","hentry"],"uagb_featured_image_src":{"full":false,"thumbnail":false,"medium":false,"medium_large":false,"large":false,"1536x1536":false,"2048x2048":false},"uagb_author_info":{"display_name":"sly","author_link":"https:\/\/pole-design.argouges.fr\/?author=2"},"uagb_comment_info":0,"uagb_excerpt":"BTS \u00c9tudes de R\u00e9alisation d&#8217;un Projet de Communication Le titulaire du BTS \u00c9tudes de R\u00e9alisation d\u2019un Projet de Communication organise, coordonne et contr\u00f4le la r\u00e9alisation&hellip;","_links":{"self":[{"href":"https:\/\/pole-design.argouges.fr\/index.php?rest_route=\/wp\/v2\/pages\/39","targetHints":{"allow":["GET"]}}],"collection":[{"href":"https:\/\/pole-design.argouges.fr\/index.php?rest_route=\/wp\/v2\/pages"}],"about":[{"href":"https:\/\/pole-design.argouges.fr\/index.php?rest_route=\/wp\/v2\/types\/page"}],"author":[{"embeddable":true,"href":"https:\/\/pole-design.argouges.fr\/index.php?rest_route=\/wp\/v2\/users\/2"}],"replies":[{"embeddable":true,"href":"https:\/\/pole-design.argouges.fr\/index.php?rest_route=%2Fwp%2Fv2%2Fcomments&post=39"}],"version-history":[{"count":4,"href":"https:\/\/pole-design.argouges.fr\/index.php?rest_route=\/wp\/v2\/pages\/39\/revisions"}],"predecessor-version":[{"id":1793,"href":"https:\/\/pole-design.argouges.fr\/index.php?rest_route=\/wp\/v2\/pages\/39\/revisions\/1793"}],"wp:attachment":[{"href":"https:\/\/pole-design.argouges.fr\/index.php?rest_route=%2Fwp%2Fv2%2Fmedia&parent=39"}],"curies":[{"name":"wp","href":"https:\/\/api.w.org\/{rel}","templated":true}]}}